{"id":6206,"date":"2021-05-23T15:37:35","date_gmt":"2021-05-23T13:37:35","guid":{"rendered":"https:\/\/www.swiss-schools.ch\/?page_id=6206"},"modified":"2026-01-06T05:03:12","modified_gmt":"2026-01-06T04:03:12","slug":"adesione","status":"publish","type":"page","link":"https:\/\/www.swiss-schools.ch\/it\/fssp\/adesione\/","title":{"rendered":"Adesione"},"content":{"rendered":"<div class=\"entry\">\n<p>Le scuole private che desiderano aderire alla FSSP devono essere attive da almeno due anni, presentare il certificato di qualit\u00e0 richiesto (v. Garanzia della qualit\u00e0) e soddisfare gli altri requisiti stabiliti dal Regolamento di adesione alla FSSP.<\/p>\n<ul>\n<li><strong><a href=\"https:\/\/www.swiss-schools.ch\/wp-content\/uploads\/2025\/11\/02-VSP-Statuten_FR_mit-Aenderung-vom-21.06.2024.pdf\">Statuti della FSSP (in francese)<\/a><\/strong><\/li>\n<li><a href=\"https:\/\/www.swiss-schools.ch\/wp-content\/uploads\/2025\/11\/240813-Mitgliedschaftsreglement-VSP_final-F.pdf\"><strong>Regolamento di adesione alla FSSP (in francese)<\/strong><\/a><\/li>\n<\/ul>\n<p>Le scuole private con sede nel Canton Vallese o nel Cantone di Ginevra devono prima entrare a far parte della rispettiva associazione regionale.<\/p>\n<ul>\n<li><strong><a href=\"https:\/\/avdep.ch\/\">Association Vaudoise des Ecoles Priv\u00e9es<\/a><\/strong><\/li>\n<li><strong><a href=\"https:\/\/www.agep.ch\/\">Association Genevoise des Ecoles Priv\u00e9es<\/a><\/strong><\/li>\n<\/ul>\n<p><strong>\u00a0<\/strong><\/p>\n<h3><strong>Quota di membro<\/strong><\/h3>\n<p>L\u2019adesione alla FSSP costa tra 450 e 3500 franchi all\u2019anno, a seconda delle dimensioni della scuola. Determinante \u00e8 la massa salariale AVS. Alle nuove scuole \u00e8 richiesta inoltre una quota di adesione una tantum. Tutte le scuole membro versano poi un contributo al <a href=\"https:\/\/www.swiss-schools.ch\/it\/per-allievi-studenti-e-genitori\/borse-di-studio\/\">Fondo borse di studio della FSSP.<\/a><\/p>\n<ul>\n<li><a href=\"https:\/\/www.swiss-schools.ch\/wp-content\/uploads\/2025\/11\/04-Beitragsordnung-FR.pdf\"><strong>Regolamento sulle quote di adesione (in francese)<\/strong><\/a><\/li>\n<\/ul>\n<p><strong>\u00a0<\/strong><\/p>\n<h3><strong>Richiesta di adesione<\/strong><\/h3>\n<p>Entrate a far parte della nostra federazione. Inviateci la richiesta di adesione completa di tutta la documentazione per posta o al seguente indirizzo e-mail: <a href=\"http:\/\/C:\\Users\\rolf\\Desktop\\PCloud\\Kunden\\VSP\\Website\\info@swiss-schools.ch\">email<\/a>.<\/p>\n<ul>\n<li><strong><a href=\"https:\/\/www.swiss-schools.ch\/wp-content\/uploads\/2025\/11\/03-Aufnahmeformular-VSP_DE_ab-2024_FR_form.pdf\">Formulario di richiesta (in francese)<\/a><\/strong><\/li>\n<\/ul>\n<p>&nbsp;<\/p>\n<p>Avete delle domande? La nostra Segreteria generale \u00e8 a vostra disposizione al numero +41 31 328 40 50 oppure per e-mail all\u2019indirizzo: <a href=\"http:\/\/C:\\Users\\rolf\\Desktop\\PCloud\\Kunden\\VSP\\Website\\info@swiss-schools.ch\">email<\/a>.<\/p>\n<p>Sar\u00e0 un piacere darvi il benvenuto nella FSSP!<\/p>\n<\/div>\n","protected":false},"excerpt":{"rendered":"<p>Le scuole private che desiderano aderire alla FSSP devono essere attive da almeno due anni, presentare il certificato di qualit\u00e0 richiesto (v. Garanzia della qualit\u00e0) e soddisfare gli altri requisiti stabiliti dal Regolamento di adesione alla FSSP. Statuti della FSSP (in francese) Regolamento di adesione alla FSSP (in francese) Le scuole private con sede nel &#8230;<\/p>\n","protected":false},"author":1,"featured_media":19892,"parent":9146,"menu_order":0,"comment_status":"closed","ping_status":"closed","template":"","meta":{"_acf_changed":false,"_seopress_robots_primary_cat":"","_seopress_titles_title":"","_seopress_titles_desc":"","_seopress_robots_index":"","footnotes":""},"class_list":["post-6206","page","type-page","status-publish","has-post-thumbnail"],"acf":{"banner_title":"","bg_color":"rgba(0,0,0,0.29)","page_top_content":{"heading":"Diventare membri della Federazione svizzera delle scuole private","sub_heading":"Adesione","content":"<strong>Con l\u2019adesione alla Federazione svizzera delle scuole private FSSP sostenete il nostro impegno per condizioni quadro eque per le scuole private. Allo stesso tempo beneficiate di servizi attrattivi e del nostro label di qualit\u00e0.<\/strong>","icon":18750},"custom_boxes":{"content_box":[{"icon":18746,"title":"Servizi","description":"Vi presentiamo i servizi offerti dalla FSSP.","button":{"title":"pi\u00f9","button_type":"page","page_link":6296,"url":"","file":null}},{"icon":19201,"title":"Garanzia della qualit\u00e0","description":"Vi presentiamo le nostre procedure per la garanzia della qualit\u00e0.","button":{"title":"pi\u00f9","button_type":"page","page_link":6432,"url":"","file":null}}],"contact_box":{"icon":18683,"title":"Domande","description":"Siamo a vostra disposizione per qualsiasi domanda relativa all'adesione. ","phone_number":"+41 31 328 40 50","email_address":"info@swiss-schools.ch"}},"news_heading":""},"_links":{"self":[{"href":"https:\/\/www.swiss-schools.ch\/it\/wp-json\/wp\/v2\/pages\/6206","targetHints":{"allow":["GET"]}}],"collection":[{"href":"https:\/\/www.swiss-schools.ch\/it\/wp-json\/wp\/v2\/pages"}],"about":[{"href":"https:\/\/www.swiss-schools.ch\/it\/wp-json\/wp\/v2\/types\/page"}],"author":[{"embeddable":true,"href":"https:\/\/www.swiss-schools.ch\/it\/wp-json\/wp\/v2\/users\/1"}],"replies":[{"embeddable":true,"href":"https:\/\/www.swiss-schools.ch\/it\/wp-json\/wp\/v2\/comments?post=6206"}],"version-history":[{"count":17,"href":"https:\/\/www.swiss-schools.ch\/it\/wp-json\/wp\/v2\/pages\/6206\/revisions"}],"predecessor-version":[{"id":19896,"href":"https:\/\/www.swiss-schools.ch\/it\/wp-json\/wp\/v2\/pages\/6206\/revisions\/19896"}],"up":[{"embeddable":true,"href":"https:\/\/www.swiss-schools.ch\/it\/wp-json\/wp\/v2\/pages\/9146"}],"wp:featuredmedia":[{"embeddable":true,"href":"https:\/\/www.swiss-schools.ch\/it\/wp-json\/wp\/v2\/media\/19892"}],"wp:attachment":[{"href":"https:\/\/www.swiss-schools.ch\/it\/wp-json\/wp\/v2\/media?parent=6206"}],"curies":[{"name":"wp","href":"https:\/\/api.w.org\/{rel}","templated":true}]}}