{"id":6089,"date":"2021-05-22T22:00:39","date_gmt":"2021-05-22T20:00:39","guid":{"rendered":"https:\/\/www.swiss-schools.ch\/organisation\/"},"modified":"2025-12-18T12:10:53","modified_gmt":"2025-12-18T11:10:53","slug":"organizazzione","status":"publish","type":"page","link":"https:\/\/www.swiss-schools.ch\/it\/fssp\/organizazzione\/","title":{"rendered":"Organizazzione"},"content":{"rendered":"<div class=\"entry\">\n<h4>Direzione<\/h4>\n<ul>\n<li><strong>Gerhard Pfister<\/strong> (presidente, consigliere nazionale)<\/li>\n<li><strong>Antje Oeschger, <\/strong>ipso Bildung AG<\/li>\n<li><strong>Margaret De Lorenzi, <\/strong>CCT Language School<\/li>\n<li><strong>Marc-Fr\u00e9d\u00e9ric Ott,\u00a0<\/strong>Leysin American School<\/li>\n<li><strong>Sandra von May-Granelli,<\/strong> Feusi Bildungszentrum Bern \/ Solothurn<\/li>\n<li><strong>Sean Power,\u00a0<\/strong>Institut Florimont<\/li>\n<\/ul>\n<h4>Commissione per l&#8217;adesione<\/h4>\n<ul>\n<li><strong>Sandra von May-Granelli<\/strong> (Presidente, Feusi Bildungszentrum Bern \/ Solothurn)<\/li>\n<li><strong>Antje Oeschger<\/strong><strong>, <\/strong>ipso Bildung AG<\/li>\n<li><strong>Sean Power<\/strong><strong>,\u00a0<\/strong>Institut Florimont<\/li>\n<\/ul>\n<h4>Commissione per le borse di studio della Fondazione delle scuole private svizzere<\/h4>\n<ul>\n<li><strong>Christian Hofer<\/strong><\/li>\n<li><strong>Marc Blatter<\/strong><\/li>\n<\/ul>\n<h4>Rappresentanza della FSSP nella Commissione svizzera di maturit\u00e0 SMK<\/h4>\n<ul>\n<li><strong>Christoph Baumgartner<\/strong>, Neue Schule Z\u00fcrich<\/li>\n<li><strong>Daniel Zumbrunnen<\/strong>, Coll\u00e8ge Champittet, Pully<\/li>\n<\/ul>\n<h4>Segreteria generale<\/h4>\n<ul>\n<li><strong>Dino Cerutti, <\/strong>responsabile della Segreteria generale<\/li>\n<li><strong>Amira Wenger, <\/strong>assistente dell&#8217;associazione FSSP, progetti dell&#8217;associazione FSSP (sito web FSSP ecc.), Schulen ans Internet (Scuole su Internet), consulenza, commissione per la garanzia della qualit\u00e0 FSSP<\/li>\n<li><strong>Mich\u00e8le Niederhauser, <\/strong>fondazione delle scuole private svizzere, borse di studio Fondazione delle scuole private svizzere<\/li>\n<li><strong>Jolanda Nobs, <\/strong>assistente, responsabile per la Fondazione delle scuole private svizzere<\/li>\n<li><strong>Nicole Matter,<\/strong> ufficio informazioni giuridiche FSSP<\/li>\n<li><strong>Marc Poffet<\/strong>, assistente federale FSSP<\/li>\n<\/ul>\n<h4><strong>Associazioni regionali<\/strong><\/h4>\n<table style=\"border-collapse: collapse; width: 100%;\" border=\"1\">\n<tbody>\n<tr>\n<td style=\"width: 50%;\"><a href=\"https:\/\/avdep.ch\/\" target=\"_blank\" rel=\"noopener\"><img loading=\"lazy\" decoding=\"async\" class=\"alignnone wp-image-9563 size-full\" src=\"https:\/\/www.swiss-schools.ch\/wp-content\/uploads\/2023\/02\/avdep-main-logo.png\" alt=\"\" width=\"300\" height=\"59\" \/><\/a><\/td>\n<td style=\"width: 50%;\"><a href=\"https:\/\/www.agep.ch\/\" target=\"_blank\" rel=\"noopener\"><img loading=\"lazy\" decoding=\"async\" class=\"alignnone wp-image-19017 size-medium\" src=\"https:\/\/www.swiss-schools.ch\/wp-content\/uploads\/2025\/10\/agep-200x600-1-300x75.png\" alt=\"\" width=\"300\" height=\"75\" srcset=\"https:\/\/www.swiss-schools.ch\/wp-content\/uploads\/2025\/10\/agep-200x600-1-300x75.png 300w, https:\/\/www.swiss-schools.ch\/wp-content\/uploads\/2025\/10\/agep-200x600-1.png 600w\" sizes=\"auto, (max-width: 300px) 100vw, 300px\" \/><\/a><\/td>\n<\/tr>\n<\/tbody>\n<\/table>\n<h4><\/h4>\n<h4>Associazioni professionali<\/h4>\n<table>\n<tbody>\n<tr>\n<td><strong>Association Suisse des Institutions Priv\u00e9es d\u2019Etudes Sup\u00e9rieures (ASIPES)<br \/>\n<\/strong>Monsieur Bert Wolfs,\u00a0Pr\u00e9sident du ASIPES<br \/>\nT\u00e9l. 044 880 00 88<br \/>\nE-mail:\u00a0<a href=\"mailto:dean@sbs.edu\">dean@sbs.edu<\/a><br \/>\n<a href=\"https:\/\/asipes.ch\/de\/\" target=\"_blank\" rel=\"noopener\">https:\/\/asipes.ch\/de\/<\/a><\/td>\n<\/tr>\n<tr>\n<td><strong>GEB<br \/>\n<\/strong>Monsieur Norbert Foerster<br \/>\nE-mail:\u00a0<a href=\"mailto:admissions@sisd.ae\">admissions@sisd.ae<\/a><\/td>\n<\/tr>\n<tr>\n<td><strong>GEC<br \/>\n<\/strong>Monsieur Hubert Frainier<br \/>\nT\u00e9l. 032 493 20 33<br \/>\nE-mail: <a href=\"mailto:ecpremoutier@bluewin.ch\">ecpremoutier@bluewin.ch<\/a><\/td>\n<\/tr>\n<tr>\n<td><strong>GESBF \u00abGroupement des Ecoles Suisses qui pr\u00e9parent au Baccalaur\u00e9at Fran\u00e7ais\u00bb<br \/>\n<\/strong>Monsieur Emmanuel Coigny, Pr\u00e9sident du GESBF<br \/>\nTel. +41 22 775 56 37<br \/>\nE-mail:\u00a0<a href=\"mailto:emmanuel.coigny@cdl.ch\">emmanuel.coigny@cdl.ch<\/a><br \/>\n<a href=\"https:\/\/www.gesbf.ch\/\">https:\/\/www.gesbf.ch\/<\/a><\/td>\n<\/tr>\n<tr>\n<td><strong>Groupement Suisse des Internats Priv\u00e9s : Swissboardingschools<br \/>\n<\/strong><span style=\"font-family: inherit; font-size: inherit;\">Monsieur Alexandre Rauzy<br \/>\n<\/span>E-mail: <a href=\"mailto:info@swissboardingschools.com\">info@swissboardingschools.com<\/a><br \/>\n<a href=\"https:\/\/swissboardingschools.com\/\">https:\/\/swissboardingschools.com<\/a><\/td>\n<\/tr>\n<tr>\n<td><strong>Maturit\u00e4t<br \/>\n<\/strong><span style=\"font-family: inherit; font-size: inherit;\">Herr Christoph Baumgartner<br \/>\n<\/span>E-mail:\u00a0<a href=\"mailto:ralph.schlaepfer@juventus.ch\">baumgartner@nsz.ch<\/a><\/td>\n<\/tr>\n<tr>\n<td><strong>Maturit\u00e9 (GREM)<br \/>\n<\/strong>Monsieur Daniel Zumbrunnen<br \/>\nE-mail:\u00a0<a href=\"mailto:daniel.zumbrunnen@champittet.ch\">daniel.zumbrunnen@champittet.ch<\/a><\/td>\n<\/tr>\n<\/tbody>\n<\/table>\n<p>&nbsp;<\/p>\n<\/div>\n","protected":false},"excerpt":{"rendered":"<p>Direzione Gerhard Pfister (presidente, consigliere nazionale) Antje Oeschger, ipso Bildung AG Margaret De Lorenzi, CCT Language School Marc-Fr\u00e9d\u00e9ric Ott,\u00a0Leysin American School Sandra von May-Granelli, Feusi Bildungszentrum Bern \/ Solothurn Sean Power,\u00a0Institut Florimont Commissione per l&#8217;adesione Sandra von May-Granelli (Presidente, Feusi Bildungszentrum Bern \/ Solothurn) Antje Oeschger, ipso Bildung AG Sean Power,\u00a0Institut Florimont Commissione per le &#8230;<\/p>\n","protected":false},"author":1,"featured_media":19798,"parent":9146,"menu_order":0,"comment_status":"closed","ping_status":"closed","template":"","meta":{"_acf_changed":false,"_seopress_robots_primary_cat":"","_seopress_titles_title":"","_seopress_titles_desc":"","_seopress_robots_index":"","footnotes":""},"class_list":["post-6089","page","type-page","status-publish","has-post-thumbnail"],"acf":{"banner_title":"","bg_color":"rgba(2,2,2,0.29)","page_top_content":{"heading":"La Federazione svizzera delle scuole private","sub_heading":"Organizazzione","content":"<strong>Vi presentiamo le persone e le organizzazioni responsabili per le attivit\u00e0 della Federazione svizzera delle scuole private FSSP. I documenti della federazione sono a disposizione dei membri della FSSP nell\u2019area interna.<\/strong>","icon":18754},"custom_boxes":{"content_box":null,"contact_box":{"icon":"","title":"","description":"","phone_number":"","email_address":""}},"news_heading":""},"_links":{"self":[{"href":"https:\/\/www.swiss-schools.ch\/it\/wp-json\/wp\/v2\/pages\/6089","targetHints":{"allow":["GET"]}}],"collection":[{"href":"https:\/\/www.swiss-schools.ch\/it\/wp-json\/wp\/v2\/pages"}],"about":[{"href":"https:\/\/www.swiss-schools.ch\/it\/wp-json\/wp\/v2\/types\/page"}],"author":[{"embeddable":true,"href":"https:\/\/www.swiss-schools.ch\/it\/wp-json\/wp\/v2\/users\/1"}],"replies":[{"embeddable":true,"href":"https:\/\/www.swiss-schools.ch\/it\/wp-json\/wp\/v2\/comments?post=6089"}],"version-history":[{"count":19,"href":"https:\/\/www.swiss-schools.ch\/it\/wp-json\/wp\/v2\/pages\/6089\/revisions"}],"predecessor-version":[{"id":19629,"href":"https:\/\/www.swiss-schools.ch\/it\/wp-json\/wp\/v2\/pages\/6089\/revisions\/19629"}],"up":[{"embeddable":true,"href":"https:\/\/www.swiss-schools.ch\/it\/wp-json\/wp\/v2\/pages\/9146"}],"wp:featuredmedia":[{"embeddable":true,"href":"https:\/\/www.swiss-schools.ch\/it\/wp-json\/wp\/v2\/media\/19798"}],"wp:attachment":[{"href":"https:\/\/www.swiss-schools.ch\/it\/wp-json\/wp\/v2\/media?parent=6089"}],"curies":[{"name":"wp","href":"https:\/\/api.w.org\/{rel}","templated":true}]}}