{"id":9234,"date":"2021-05-20T11:31:14","date_gmt":"2021-05-20T09:31:14","guid":{"rendered":"https:\/\/www.swiss-schools.ch\/?page_id=9234"},"modified":"2026-03-06T17:17:12","modified_gmt":"2026-03-06T16:17:12","slug":"bourses-detudes","status":"publish","type":"page","link":"https:\/\/www.swiss-schools.ch\/fr\/pour-les-eleves-les-etudiants-et-les-parents\/bourses-detudes\/","title":{"rendered":"Bourses d\u2019\u00e9tudes"},"content":{"rendered":"<div class=\"entry\">\n<p>Chaque ann\u00e9e, la Fondation octroie des bourses d\u2019\u00e9tudes pour un total de pr\u00e8s de 50 000 francs. Un requ\u00e9rant ou son tuteur l\u00e9gal peut d\u00e9poser une demande d\u2019allocation d\u2019\u00e9tude dans la mesure o\u00f9 son revenu annuel brut ne d\u00e9passe pas 70 000 francs. Pour chaque enfant suppl\u00e9mentaire en formation, la limite de revenu est relev\u00e9e de 6 000 francs.<\/p>\n<p>La commission de la Fondation des \u00e9coles priv\u00e9es suisses distribue deux fois par an, en juin et en d\u00e9cembre, des bourses d&rsquo;\u00e9tudes aux candidats qui en font la demande.<\/p>\n<p>Les demandes compl\u00e8tes doivent \u00eatre d\u00e9pos\u00e9es au plus tard le 15 avril ou le 15 octobre de l&rsquo;ann\u00e9e suivant le d\u00e9but de la formation.<\/p>\n<blockquote><p>Exemple : si vous commencez votre formation en ao\u00fbt, vous devez soumettre votre demande compl\u00e8te avant le 15 octobre. La commission de la fondation se prononce ensuite en d\u00e9cembre sur les demandes re\u00e7ues.<\/p><\/blockquote>\n<p>Vous pouvez d\u00e9poser une demande \u00e0 l\u2019aide du formulaire suivant\u00a0:<\/p>\n<p><a href=\"https:\/\/www.swiss-schools.ch\/wp-content\/uploads\/2026\/03\/260116-Gesuchsformular-2026_fr_form.pdf\" target=\"_blank\" rel=\"noopener\">Formulaire de demande d\u2019allocation d\u2019\u00e9tude (PDF)<\/a><\/p>\n<hr \/>\n<h4>Conditions importantes pour les demandes de bourse :<\/h4>\n<ul>\n<li>Seul le revenu annuel de la fondation (environ 50 000 CHF) peut \u00eatre vers\u00e9 sous forme de contributions uniques \u00e0 la formation. En outre, les r\u00e9gions linguistiques de la Suisse doivent \u00eatre prises en compte de mani\u00e8re appropri\u00e9e. Les ressources de la fondation \u00e9tant limit\u00e9es, il n&rsquo;existe aucun droit l\u00e9gal \u00e0 une contribution \u00e0 la formation et tout recours juridique est exclu.<\/li>\n<li>Le montant de la contribution \u00e0 la formation est compris entre 1 000 et 4 000 francs suisses par requ\u00e9rant\/e. Dans le cas de formations s&rsquo;\u00e9talant sur plusieurs ann\u00e9es, des contributions r\u00e9currentes peuvent \u00eatre vers\u00e9es, mais leur montant total ne peut d\u00e9passer 8 000 francs suisses par requ\u00e9rant\/e.<\/li>\n<li><strong>Aucune contribution <\/strong>n&rsquo;est vers\u00e9e pour des formations <strong>d\u00e9j\u00e0 <\/strong>termin\u00e9es ou qui n&rsquo;ont <strong>pas encore commenc\u00e9<\/strong>. Aucune demande ne peut \u00eatre d\u00e9pos\u00e9e pour des frais de scolarit\u00e9 impay\u00e9s apr\u00e8s la fin d&rsquo;une formation.<\/li>\n<li>Les contributions \u00e0 la formation ne sont possibles que si le revenu brut annuel du\/de la requ\u00e9rant\/e ne d\u00e9passe pas CHF 70 000.00 et s&rsquo;il ne dispose pas d&rsquo;un patrimoine significatif. Pour les familles dans lesquelles un autre enfant est en formation, le montant passe \u00e0 CHF 76 000.00, et \u00e0 CHF 82 000.00 si deux autres enfants sont en formation.<\/li>\n<li><strong>Seuls les formulaires remplis correctement<\/strong>\u00a0et donnant des informations pr\u00e9cises sur le revenu et la fortune du requ\u00e9rant et de ses parents seront\u00a0<strong>pris en consid\u00e9ration<\/strong>.<\/li>\n<\/ul>\n<ul>\n<li>Si le\u00a0<strong>revenu<\/strong>\u00a0du\/de la requ\u00e9rant-e (revenu et fortune des parents y compris)\u00a0<strong>d\u00e9passe les limites pr\u00e9cit\u00e9es<\/strong>, nous d\u00e9conseillons de soumettre une demande d\u2019allocation.\u00a0<strong>Celle-ci ne serait pas approuv\u00e9e<\/strong>.<\/li>\n<\/ul>\n<h4><strong>Documents \u00e0 joindre \u00e0 votre demande<\/strong><\/h4>\n<p>Pour compl\u00e9ter votre demande d\u2019allocation d\u2019\u00e9tude, nous vous prions de nous remettre les documents suivants:<\/p>\n<ul>\n<li>Attestations officielles relatives \u00e0 la situation financi\u00e8re et patrimoniale du\/des requ\u00e9rant(s), de son\/ses conjoint(s) et de ses parents (p. ex. d\u00e9cision de taxation fiscale).<\/li>\n<li>Justificatifs des contributions \u00e0 la formation\/bourses d&rsquo;\u00e9tudes vers\u00e9es par le canton de r\u00e9sidence ou d&rsquo;autres fondations\/institutions, dans la mesure o\u00f9 celles-ci ont \u00e9t\u00e9\/sont vers\u00e9es.<\/li>\n<li>Attestation de formation d\u00e9livr\u00e9e par l&rsquo;\u00e9cole, certifiant que le\/la requ\u00e9rant(e) a commenc\u00e9 sa formation.<\/li>\n<li>Copie du dernier bulletin scolaire.<\/li>\n<\/ul>\n<hr \/>\n<p>Plus d&rsquo;informations:<br \/>\n<a href=\"https:\/\/www.swiss-schools.ch\/wp-content\/uploads\/2026\/03\/260116-Stipendiereglement-2026_fr.pdf\" target=\"_blank\" rel=\"noopener\">R\u00e8glement (PDF)<\/a><\/p>\n<\/div>\n","protected":false},"excerpt":{"rendered":"<p>Chaque ann\u00e9e, la Fondation octroie des bourses d\u2019\u00e9tudes pour un total de pr\u00e8s de 50 000 francs. Un requ\u00e9rant ou son tuteur l\u00e9gal peut d\u00e9poser une demande d\u2019allocation d\u2019\u00e9tude dans la mesure o\u00f9 son revenu annuel brut ne d\u00e9passe pas 70 000 francs. Pour chaque enfant suppl\u00e9mentaire en formation, la limite de revenu est relev\u00e9e &#8230;<\/p>\n","protected":false},"author":1,"featured_media":19752,"parent":14393,"menu_order":0,"comment_status":"closed","ping_status":"closed","template":"","meta":{"_acf_changed":false,"_seopress_robots_primary_cat":"","_seopress_titles_title":"","_seopress_titles_desc":"","_seopress_robots_index":"","footnotes":""},"class_list":["post-9234","page","type-page","status-publish","has-post-thumbnail"],"acf":{"banner_title":"","bg_color":"rgba(2,2,2,0.29)","page_top_content":{"heading":"Fondation des \u00e9coles priv\u00e9es suisses","sub_heading":"Bourses d\u2019\u00e9tudes","content":"<strong>L\u2019\u00e9ducation devrait \u00eatre \u00e0 la port\u00e9e de tous. Dans des cas motiv\u00e9s, la Fondation des \u00e9coles priv\u00e9es suisses soutient ainsi les \u00e9l\u00e8ves et les \u00e9tudiants en leur octroyant une allocation d\u2019\u00e9tude comprise entre 1000 et 4000 francs.<\/strong>","icon":18690},"custom_boxes":{"content_box":null,"contact_box":{"icon":"","title":"","description":"","phone_number":"","email_address":""}},"news_heading":""},"_links":{"self":[{"href":"https:\/\/www.swiss-schools.ch\/fr\/wp-json\/wp\/v2\/pages\/9234","targetHints":{"allow":["GET"]}}],"collection":[{"href":"https:\/\/www.swiss-schools.ch\/fr\/wp-json\/wp\/v2\/pages"}],"about":[{"href":"https:\/\/www.swiss-schools.ch\/fr\/wp-json\/wp\/v2\/types\/page"}],"author":[{"embeddable":true,"href":"https:\/\/www.swiss-schools.ch\/fr\/wp-json\/wp\/v2\/users\/1"}],"replies":[{"embeddable":true,"href":"https:\/\/www.swiss-schools.ch\/fr\/wp-json\/wp\/v2\/comments?post=9234"}],"version-history":[{"count":13,"href":"https:\/\/www.swiss-schools.ch\/fr\/wp-json\/wp\/v2\/pages\/9234\/revisions"}],"predecessor-version":[{"id":20320,"href":"https:\/\/www.swiss-schools.ch\/fr\/wp-json\/wp\/v2\/pages\/9234\/revisions\/20320"}],"up":[{"embeddable":true,"href":"https:\/\/www.swiss-schools.ch\/fr\/wp-json\/wp\/v2\/pages\/14393"}],"wp:featuredmedia":[{"embeddable":true,"href":"https:\/\/www.swiss-schools.ch\/fr\/wp-json\/wp\/v2\/media\/19752"}],"wp:attachment":[{"href":"https:\/\/www.swiss-schools.ch\/fr\/wp-json\/wp\/v2\/media?parent=9234"}],"curies":[{"name":"wp","href":"https:\/\/api.w.org\/{rel}","templated":true}]}}