{"id":6391,"date":"2022-10-02T12:50:33","date_gmt":"2022-10-02T10:50:33","guid":{"rendered":"https:\/\/www.swiss-schools.ch\/?page_id=6391"},"modified":"2024-08-19T14:42:22","modified_gmt":"2024-08-19T12:42:22","slug":"guide-des-ecoles-privees-fsep","status":"publish","type":"page","link":"https:\/\/www.swiss-schools.ch\/fr\/fsep\/prestations-vsp\/guide-des-ecoles-privees-fsep\/","title":{"rendered":"Guide des \u00e9coles priv\u00e9es FSEP"},"content":{"rendered":"<div class=\"entry\">\n<p>Tous les deux ans, la FSEP publie un guide des \u00e9coles priv\u00e9es dans lequel ne peuvent s&rsquo;inscrire que les membres de la FSEP.<\/p>\n<p><a href=\"https:\/\/www.swiss-schools.ch\/wp-content\/uploads\/2024\/08\/Privatschulfuehrer-24_25.pdf\">Guide des \u00e9coles priv\u00e9es 2024\/2025 (PDF)<\/a><\/p>\n<p>Le guide des \u00e9coles priv\u00e9es FSEP a un tirage de 1&rsquo;500 exemplaires. Il est distribu\u00e9 comme suit:<\/p>\n<ul>\n<li>aux offices d&rsquo;orientation professionnelle dans toute la Suisse,<\/li>\n<li>aux plus importantes r\u00e9dactions de la presse suisse,<\/li>\n<li>\u00e0 des ambassades suisses \u00e0 l&rsquo;\u00e9tranger (mailing deux fois par an),<\/li>\n<li>\u00e0 des ambassades et aux consulats \u00e9trangers en Suisse,<\/li>\n<li>\u00e0 diverses organisations et de nombreuses soci\u00e9t\u00e9s internationales en Suisse et \u00e0 l&rsquo;\u00e9tranger,<\/li>\n<li>aux offices de formation cantonaux et f\u00e9d\u00e9raux,<\/li>\n<li>\u00e0 tous\/toutes les int\u00e9ress\u00e9-e-s.<\/li>\n<\/ul>\n<p>Les offices d&rsquo;orientation et les ambassades appr\u00e9cient tout particuli\u00e8rement ce guide et en commandent r\u00e9guli\u00e8rement.<\/p>\n<p>Votre \u00e9cole dans le guide des \u00e9coles priv\u00e9es FSEP ? <a href=\"https:\/\/www.swiss-schools.ch\/kontakt\/\">Contactez-nous<\/a>.<\/p>\n<\/div>\n","protected":false},"excerpt":{"rendered":"<p>Tous les deux ans, la FSEP publie un guide des \u00e9coles priv\u00e9es dans lequel ne peuvent s&rsquo;inscrire que les membres de la FSEP. Guide des \u00e9coles priv\u00e9es 2024\/2025 (PDF) Le guide des \u00e9coles priv\u00e9es FSEP a un tirage de 1&rsquo;500 exemplaires. Il est distribu\u00e9 comme suit: aux offices d&rsquo;orientation professionnelle dans toute la Suisse, aux &#8230;<\/p>\n","protected":false},"author":15,"featured_media":13571,"parent":6293,"menu_order":0,"comment_status":"closed","ping_status":"closed","template":"","meta":{"_acf_changed":false,"_seopress_robots_primary_cat":"","_seopress_titles_title":"","_seopress_titles_desc":"","_seopress_robots_index":"","footnotes":""},"class_list":["post-6391","page","type-page","status-publish","has-post-thumbnail"],"acf":{"banner_title":"","bg_color":"rgba(0,0,0,0.29)","page_top_content":{"heading":"","sub_heading":"","content":"","icon":null},"custom_boxes":{"content_box":null,"contact_box":{"icon":null,"title":"","description":"","phone_number":"","email_address":""}},"news_heading":""},"_links":{"self":[{"href":"https:\/\/www.swiss-schools.ch\/fr\/wp-json\/wp\/v2\/pages\/6391","targetHints":{"allow":["GET"]}}],"collection":[{"href":"https:\/\/www.swiss-schools.ch\/fr\/wp-json\/wp\/v2\/pages"}],"about":[{"href":"https:\/\/www.swiss-schools.ch\/fr\/wp-json\/wp\/v2\/types\/page"}],"author":[{"embeddable":true,"href":"https:\/\/www.swiss-schools.ch\/fr\/wp-json\/wp\/v2\/users\/15"}],"replies":[{"embeddable":true,"href":"https:\/\/www.swiss-schools.ch\/fr\/wp-json\/wp\/v2\/comments?post=6391"}],"version-history":[{"count":6,"href":"https:\/\/www.swiss-schools.ch\/fr\/wp-json\/wp\/v2\/pages\/6391\/revisions"}],"predecessor-version":[{"id":13882,"href":"https:\/\/www.swiss-schools.ch\/fr\/wp-json\/wp\/v2\/pages\/6391\/revisions\/13882"}],"up":[{"embeddable":true,"href":"https:\/\/www.swiss-schools.ch\/fr\/wp-json\/wp\/v2\/pages\/6293"}],"wp:featuredmedia":[{"embeddable":true,"href":"https:\/\/www.swiss-schools.ch\/fr\/wp-json\/wp\/v2\/media\/13571"}],"wp:attachment":[{"href":"https:\/\/www.swiss-schools.ch\/fr\/wp-json\/wp\/v2\/media?parent=6391"}],"curies":[{"name":"wp","href":"https:\/\/api.w.org\/{rel}","templated":true}]}}