{"id":6371,"date":"2022-10-02T12:34:09","date_gmt":"2022-10-02T10:34:09","guid":{"rendered":"https:\/\/www.swiss-schools.ch\/?page_id=6371"},"modified":"2025-07-02T13:50:35","modified_gmt":"2025-07-02T11:50:35","slug":"swiss-international-schools","status":"publish","type":"page","link":"https:\/\/www.swiss-schools.ch\/fr\/fsep\/prestations-vsp\/swiss-international-schools\/","title":{"rendered":"Swiss International Schools"},"content":{"rendered":"<div class=\"entry\">\n<h2>Private Education \u201cMade in Switzerland\u201d<\/h2>\n<p>En alternance avec le guide des \u00e9coles priv\u00e9es en Suisse, la FSEP publie, tous les deux ans, la brochure \u00ab\u00a0Swiss International Schools\u00a0\u00bb:<\/p>\n<p><a href=\"https:\/\/www.swiss-schools.ch\/wp-content\/uploads\/2025\/07\/neu_SIS_25-26-002.pdf\" target=\"_blank\" rel=\"noopener\">Swiss International Schools 2025\/26 (PDF)<\/a><\/p>\n<p>La brochure \u00ab\u00a0Swiss International Schools\u201c est envoy\u00e9e aux adresses suivantes:<\/p>\n<ul>\n<li>aux offices d&rsquo;orientation professionnelle dans toute la Suisse,<\/li>\n<li>aux plus importantes r\u00e9dactions de la presse suisse,<\/li>\n<li>\u00e0 des ambassades suisses \u00e0 l&rsquo;\u00e9tranger (mailing deux fois par an),<\/li>\n<li>\u00e0 des ambassades et aux consulats \u00e9trangers en Suisse,<\/li>\n<li>\u00e0 diverses organisations et de nombreuses soci\u00e9t\u00e9s internationales en Suisse et \u00e0 l&rsquo;\u00e9tranger,<\/li>\n<li>aux offices de formation cantonaux et f\u00e9d\u00e9raux,<\/li>\n<li>\u00e0 tous\/toutes les int\u00e9ress\u00e9-e-s.<\/li>\n<\/ul>\n<p>Les offices d&rsquo;orientation et les\u00a0ambassades en Suisse ainsi qu&rsquo;\u00e0 l&rsquo;\u00e9tranger\u00a0appr\u00e9cient tout particuli\u00e8rement ce guide et en commandent r\u00e9guli\u00e8rement.<\/p>\n<p>Votre \u00e9cole dans la brochure \u00ab\u00a0Swiss International Schools\u00a0\u00bb ? <a href=\"https:\/\/www.swiss-schools.ch\/fr\/contact\/\">Contactez-nous<\/a>.<\/p>\n<p>&nbsp;<\/p>\n<p>&nbsp;<\/p>\n<p>&nbsp;<\/p>\n<\/div>\n","protected":false},"excerpt":{"rendered":"<p>Private Education \u201cMade in Switzerland\u201d En alternance avec le guide des \u00e9coles priv\u00e9es en Suisse, la FSEP publie, tous les deux ans, la brochure \u00ab\u00a0Swiss International Schools\u00a0\u00bb: Swiss International Schools 2025\/26 (PDF) La brochure \u00ab\u00a0Swiss International Schools\u201c est envoy\u00e9e aux adresses suivantes: aux offices d&rsquo;orientation professionnelle dans toute la Suisse, aux plus importantes r\u00e9dactions de &#8230;<\/p>\n","protected":false},"author":15,"featured_media":13575,"parent":6293,"menu_order":0,"comment_status":"closed","ping_status":"closed","template":"","meta":{"_acf_changed":false,"_seopress_robots_primary_cat":"","_seopress_titles_title":"","_seopress_titles_desc":"","_seopress_robots_index":"","footnotes":""},"class_list":["post-6371","page","type-page","status-publish","has-post-thumbnail"],"acf":{"banner_title":"","bg_color":"rgba(0,0,0,0.29)","page_top_content":{"heading":"","sub_heading":"","content":"","icon":null},"custom_boxes":{"content_box":null,"contact_box":{"icon":null,"title":"","description":"","phone_number":"","email_address":""}},"news_heading":""},"_links":{"self":[{"href":"https:\/\/www.swiss-schools.ch\/fr\/wp-json\/wp\/v2\/pages\/6371","targetHints":{"allow":["GET"]}}],"collection":[{"href":"https:\/\/www.swiss-schools.ch\/fr\/wp-json\/wp\/v2\/pages"}],"about":[{"href":"https:\/\/www.swiss-schools.ch\/fr\/wp-json\/wp\/v2\/types\/page"}],"author":[{"embeddable":true,"href":"https:\/\/www.swiss-schools.ch\/fr\/wp-json\/wp\/v2\/users\/15"}],"replies":[{"embeddable":true,"href":"https:\/\/www.swiss-schools.ch\/fr\/wp-json\/wp\/v2\/comments?post=6371"}],"version-history":[{"count":8,"href":"https:\/\/www.swiss-schools.ch\/fr\/wp-json\/wp\/v2\/pages\/6371\/revisions"}],"predecessor-version":[{"id":18571,"href":"https:\/\/www.swiss-schools.ch\/fr\/wp-json\/wp\/v2\/pages\/6371\/revisions\/18571"}],"up":[{"embeddable":true,"href":"https:\/\/www.swiss-schools.ch\/fr\/wp-json\/wp\/v2\/pages\/6293"}],"wp:featuredmedia":[{"embeddable":true,"href":"https:\/\/www.swiss-schools.ch\/fr\/wp-json\/wp\/v2\/media\/13575"}],"wp:attachment":[{"href":"https:\/\/www.swiss-schools.ch\/fr\/wp-json\/wp\/v2\/media?parent=6371"}],"curies":[{"name":"wp","href":"https:\/\/api.w.org\/{rel}","templated":true}]}}