{"id":6213,"date":"2021-05-23T15:38:16","date_gmt":"2021-05-23T13:38:16","guid":{"rendered":"https:\/\/www.swiss-schools.ch\/?page_id=6213"},"modified":"2024-10-22T14:01:56","modified_gmt":"2024-10-22T12:01:56","slug":"vorteile-einer-mitgliedschaft","status":"publish","type":"page","link":"https:\/\/www.swiss-schools.ch\/fr\/fsep\/affiliation\/vorteile-einer-mitgliedschaft\/","title":{"rendered":"Avantages d&rsquo;une affiliation"},"content":{"rendered":"<div class=\"entry\">\n<hr \/>\n<h3>Repr\u00e9sentation des int\u00e9r\u00eats<\/h3>\n<p>La FSEP s&rsquo;engage continuellement pour une am\u00e9lioration des conditions politiques, \u00e9conomiques et juridiques des \u00e9coles priv\u00e9es en Suisse. Elle soutient un droit diff\u00e9renci\u00e9 au libre choix de l&rsquo;\u00e9cole et un pluralisme de financement qui place les \u00e9coles publiques et priv\u00e9es sur un pied d&rsquo;\u00e9galit\u00e9. La FSEP s&rsquo;engage par exemple avec succ\u00e8s :<\/p>\n<ul>\n<li>contre les taxes au titre des droits d\u2019auteurs trop hautes \u00e0 l\u2019\u00e9gard de ProLitteris\/suissimage<\/li>\n<li>contre l&rsquo;assujettissement de l&rsquo;enseignement priv\u00e9 \u00e0 la TVA<\/li>\n<li>pour des d\u00e9ductions fiscales plus \u00e9lev\u00e9es dans le domaine de la formation continue et du perfectionnement professionnel<\/li>\n<\/ul>\n<hr \/>\n<h3>R\u00e9seau et conf\u00e9rences sp\u00e9cialis\u00e9es<\/h3>\n<p>Acc\u00e8s exclusif \u00e0 plusieurs colloques et manifestations sur des th\u00e8mes actuels de la politique de l&rsquo;\u00e9ducation.<\/p>\n<hr \/>\n<h3>Service de conseil et d&rsquo;information<\/h3>\n<p>Chaque ann\u00e9e de nombreux-se int\u00e9ress\u00e9-es de la Suisse et de l\u2019\u00e9tranger s\u2019informent aupr\u00e8s de notre\u00a0<a href=\"https:\/\/www.swiss-schools.ch\/fr\/fuer-schueler-studierende-und-eltern\/ecoles\/\" target=\"_blank\" rel=\"noopener\">Service de conseil<\/a>\u00a0pour trouver une \u00e9cole adapt\u00e9e \u00e0 leurs crit\u00e8res. Ce service est financ\u00e9 par les membres, d\u2019une part en versant un suppl\u00e9ment au prix d\u2019insertion dans le guide FSEP et d\u2019autre part en payant des \u201eprimes de contact\u201c. Bien \u00e9videmment le Service Scolaire recommande exclusivement les \u00e9coles membres, et cela sans frais de commission de 10 % de l\u2019\u00e9colage ce qui sont en g\u00e9n\u00e9ral \u00e9lev\u00e9s par les agences de placement.<\/p>\n<hr \/>\n<h3>Solutions d&rsquo;assurance \u00e0 des conditions pr\u00e9f\u00e9rentielles<\/h3>\n<p>Baumassurance SA travaille depuis 2005 en \u00e9troite collaboration avec la FSEP et le Swiss Group of International Schools (SGIS). En tant que courtier de l&rsquo;association, Baumassurance est en mesure de n\u00e9gocier pour vous des primes et des prestations avantageuses. Baumassurance n\u00e9gocie des conditions sp\u00e9ciales avec divers fournisseurs d&rsquo;assurances. Profitez de plus de 30 ans d&rsquo;exp\u00e9rience dans l&rsquo;encadrement d&rsquo;\u00e9coles priv\u00e9es et d&rsquo;\u00e9coles internationales aupr\u00e8s du num\u00e9ro 1 du march\u00e9 suisse des assurances pour les \u00e9coles priv\u00e9es et les \u00e9coles internationales.<\/p>\n<p><a href=\"https:\/\/baumassurance.ch\/branchen\/privatschulen\/\" target=\"_blank\" rel=\"noopener\"><img loading=\"lazy\" decoding=\"async\" class=\"\" src=\"https:\/\/baumassurance.ch\/wp-content\/uploads\/baumassurance_logo-1.png\" alt=\"Baumassurance Logo\" width=\"256\" height=\"52\" \/><\/a><\/p>\n<hr \/>\n<h3>Caisse de compensation AVS et la caisse de compensation familiale EXFOUR<\/h3>\n<p>La FSEP est depuis 1966 association fondatrice ou bien titulaire de la\u00a0<a href=\"https:\/\/www.swiss-schools.ch\/fr\/dienstleistungen-vsp\/assurances\/\" target=\"_blank\" rel=\"noopener\">caisse de compensation AVS et la caisse de compensation familiale EXFOUR<\/a>\u00a0\u00e0 B\u00e2le. Les membres de l\u2019association doivent en r\u00e8gle g\u00e9n\u00e9rale \u00eatre affili\u00e9s aux caisses EXFOUR et faire les d\u00e9comptes avec eux. Except\u00e9 sont les \u00e9coles associatives qui sont affili\u00e9es \u00e0 plusieurs associations fondatrices ou titulaires de diff\u00e9rentes caisses de compensation professionnelles, qui ont le choix. Cela concerne particuli\u00e8rement les \u00e9coles dans les cantons de Gen\u00e8ve et de Vaud. Les caisses EXFOUR veulent soutenir et d\u00e9charger les \u00e9coles affili\u00e9es avec leurs services \u00e0 des conditions avantageuses. Au moyen des taux de contribution \u00e9quilibr\u00e9s et des services suppl\u00e9mentaires des \u00e9conomies r\u00e9currentes chaque ann\u00e9e peuvent \u00eatre obtenus avec des services et prestations comparables. M. Michael Berger, caisses EXFOUR, 061 206 00 21,\u00a0<span id=\"cloak2d27abcc22e19768bf6e299e24e2ecfd\"><a href=\"mailto:michael.berger@exfour.ch\">michael.berger@exfour.ch<\/a><\/span>\u00a0se tient \u00e0 votre disposition pour de plus amples informations.<\/p>\n<p><a href=\"https:\/\/exfour.ch\/de\/\" target=\"_blank\" rel=\"noopener\"><img loading=\"lazy\" decoding=\"async\" class=\"\" src=\"https:\/\/exfour.ch\/gallery\/full\/1\/exfourallde@2x.jpg\" width=\"401\" height=\"59\" \/><\/a><br \/>\n<a href=\"https:\/\/www.swiss-schools.ch\/wp-content\/uploads\/2024\/02\/EXFOUR_Flyer_2023_f.pdf\">Exfour Flyer 2023<\/a><a href=\"https:\/\/exfour.ch\/de\/exfour\"> (PDF)<\/a><\/p>\n<hr \/>\n<h3>Bourses d&rsquo;\u00e9tudes pour les \u00e9tudiants de nos \u00e9coles membres<\/h3>\n<p>La FSEP est fondateur de la\u00a0<a href=\"https:\/\/www.swiss-schools.ch\/fr\/fuer-schueler-studierende-und-eltern\/bourses\/\" target=\"_blank\" rel=\"noopener\">Fondation des Ecoles Priv\u00e9es Suisses<\/a>. Chaque ann\u00e9e, cette Fondation verse \u2013 exclusivement \u00e0 des \u00e9l\u00e8ves d\u2019\u00e9coles membres \u2013 des bourses d\u2019un montant total de plus de CHF 50\u2019000.00. Les bourses octroy\u00e9es ne sont pas vers\u00e9es aux \u00e9l\u00e8ves, mais directement aux \u00e9coles concern\u00e9es, qui peuvent, de ce fait, diminuer l\u2019\u00e9colage en cons\u00e9quence.<\/p>\n<p><a href=\"https:\/\/www.swiss-schools.ch\/fr\/fuer-schueler-studierende-und-eltern\/bourses\/\" target=\"_blank\" rel=\"noopener\"><img loading=\"lazy\" decoding=\"async\" class=\"alignnone wp-image-2512 \" src=\"https:\/\/www.swiss-schools.ch\/wp-content\/uploads\/2021\/07\/images_banners_Bild_Stipendien-e1729596480958-300x186.jpg\" alt=\"Bild Stipendien\" width=\"248\" height=\"154\" srcset=\"https:\/\/www.swiss-schools.ch\/wp-content\/uploads\/2021\/07\/images_banners_Bild_Stipendien-e1729596480958-300x186.jpg 300w, https:\/\/www.swiss-schools.ch\/wp-content\/uploads\/2021\/07\/images_banners_Bild_Stipendien-e1729596480958.jpg 514w\" sizes=\"auto, (max-width: 248px) 100vw, 248px\" \/><\/a><\/p>\n<hr \/>\n<h3>Internet \u00e0 l\u2019\u00e9cole<\/h3>\n<p>La FSEP a conclu un contrat de parrainage avec SWISSCOM concernant le projet <a href=\"https:\/\/www.swiss-schools.ch\/fr\/dienstleistungen-vsp\/internet-a-lecole\/\" target=\"_blank\" rel=\"noopener\">Internet \u00e0 l\u2019\u00e9cole<\/a>. Dans le cadre de ce projet, SWISSCOM finance aux \u00e9coles membre \u2013 sous conditions \u2013 l\u2019acc\u00e8s internet \u00e0 large bande. Cette offre permet aux \u00e9coles membre de la FSEP de diminuer les frais d\u2019un montant consid\u00e9rable. La documentation y relative peut \u00eatre retir\u00e9e aupr\u00e8s de notre secr\u00e9tariat.<\/p>\n<hr \/>\n<h3>Annuaires des \u00e9coles priv\u00e9es FSEP et recherche d\u2019\u00e9cole en ligne<\/h3>\n<p>Seules les \u00e9coles membres ont la possibilit\u00e9 de se pr\u00e9senter et d\u2019\u00eatre trouv\u00e9 via la\u00a0<a href=\"https:\/\/www.swiss-schools.ch\/fr\/ecoles\/\" target=\"_blank\" rel=\"noopener\">recherche d\u2019\u00e9cole sur le site de la FSEP<\/a>.<\/p>\n<p>La FSEP publie tous les deux ans un nouveau <a href=\"https:\/\/www.swiss-schools.ch\/fr\/dienstleistungen-vsp\/annuaires-des-ecoles-privees-fsep\/guide-des-ecoles-privees-fsep\/\" target=\"_blank\" rel=\"noopener\">guide des \u00e9coles priv\u00e9es<\/a>\u00a0ainsi que le\u00a0<a href=\"https:\/\/www.swiss-schools.ch\/fr\/dienstleistungen-vsp\/annuaires-des-ecoles-privees-fsep\/swiss-international-schools\/\" target=\"_blank\" rel=\"noopener\">guide Swiss International Schools<\/a>\u00a0et annuellement une\u00a0<a href=\"https:\/\/www.swiss-schools.ch\/fr\/dienstleistungen-vsp\/annuaires-des-ecoles-privees-fsep\/summer-courses-in-switzerland\/\" target=\"_blank\" rel=\"noopener\">brochure sur les cours d\u2019\u00e9t\u00e9<\/a>. Seules les \u00e9coles affili\u00e9es \u00e0 la FSEP peuvent y figurer. Ces brochures sont distribu\u00e9es sur une large \u00e9chelle, tant nationale qu\u2019internationale (tirage de 26\u2019000 exemplaires).<\/p>\n<hr \/>\n<h3>Registre des \u00e9coles priv\u00e9es Suisse<\/h3>\n<p>L\u2019inscription dans le <a href=\"https:\/\/www.swissprivateschoolregister.com\/fr\/\" target=\"_blank\" rel=\"noopener\">Registre des \u00e9coles priv\u00e9es Suisse<\/a> est de 50% moins ch\u00e8re que pour les \u00e9coles non-membre de la FSEP.<br \/>\n<a href=\"https:\/\/www.swissprivateschoolregister.com\/fr\/\" target=\"_blank\" rel=\"noopener\"><img loading=\"lazy\" decoding=\"async\" class=\"\" src=\"https:\/\/www.swissprivateschoolregister.com\/wp-content\/uploads\/2024\/02\/Logo-PSR_vektorisiert.png\" width=\"265\" height=\"188\" \/><\/a><\/p>\n<hr \/>\n<h3><strong>Informations juridiques pour nos membres<\/strong><\/h3>\n<p>Les \u00e9coles membres b\u00e9n\u00e9ficient d&rsquo;une <a href=\"https:\/\/www.swiss-schools.ch\/fr\/dienstleistungen-vsp\/renseignements-juridiques-pour-les-ecoles-membres-de-la-fsep\/\">consultation juridique<\/a> \u00e0 des conditions pr\u00e9f\u00e9rentielles (les 30 premi\u00e8res minutes sont offertes).<\/p>\n<\/div>\n","protected":false},"excerpt":{"rendered":"<p>Repr\u00e9sentation des int\u00e9r\u00eats La FSEP s&rsquo;engage continuellement pour une am\u00e9lioration des conditions politiques, \u00e9conomiques et juridiques des \u00e9coles priv\u00e9es en Suisse. Elle soutient un droit diff\u00e9renci\u00e9 au libre choix de l&rsquo;\u00e9cole et un pluralisme de financement qui place les \u00e9coles publiques et priv\u00e9es sur un pied d&rsquo;\u00e9galit\u00e9. La FSEP s&rsquo;engage par exemple avec succ\u00e8s : &#8230;<\/p>\n","protected":false},"author":1,"featured_media":5052,"parent":6203,"menu_order":0,"comment_status":"closed","ping_status":"closed","template":"","meta":{"_acf_changed":false,"_seopress_robots_primary_cat":"","_seopress_titles_title":"","_seopress_titles_desc":"","_seopress_robots_index":"","footnotes":""},"class_list":["post-6213","page","type-page","status-publish","has-post-thumbnail"],"acf":{"banner_title":"","bg_color":"rgba(40,40,40,0.7)","page_top_content":{"heading":"","sub_heading":"","content":"","icon":null},"custom_boxes":{"content_box":null,"contact_box":{"icon":null,"title":"","description":"","phone_number":"","email_address":""}},"news_heading":""},"_links":{"self":[{"href":"https:\/\/www.swiss-schools.ch\/fr\/wp-json\/wp\/v2\/pages\/6213","targetHints":{"allow":["GET"]}}],"collection":[{"href":"https:\/\/www.swiss-schools.ch\/fr\/wp-json\/wp\/v2\/pages"}],"about":[{"href":"https:\/\/www.swiss-schools.ch\/fr\/wp-json\/wp\/v2\/types\/page"}],"author":[{"embeddable":true,"href":"https:\/\/www.swiss-schools.ch\/fr\/wp-json\/wp\/v2\/users\/1"}],"replies":[{"embeddable":true,"href":"https:\/\/www.swiss-schools.ch\/fr\/wp-json\/wp\/v2\/comments?post=6213"}],"version-history":[{"count":16,"href":"https:\/\/www.swiss-schools.ch\/fr\/wp-json\/wp\/v2\/pages\/6213\/revisions"}],"predecessor-version":[{"id":14489,"href":"https:\/\/www.swiss-schools.ch\/fr\/wp-json\/wp\/v2\/pages\/6213\/revisions\/14489"}],"up":[{"embeddable":true,"href":"https:\/\/www.swiss-schools.ch\/fr\/wp-json\/wp\/v2\/pages\/6203"}],"wp:featuredmedia":[{"embeddable":true,"href":"https:\/\/www.swiss-schools.ch\/fr\/wp-json\/wp\/v2\/media\/5052"}],"wp:attachment":[{"href":"https:\/\/www.swiss-schools.ch\/fr\/wp-json\/wp\/v2\/media?parent=6213"}],"curies":[{"name":"wp","href":"https:\/\/api.w.org\/{rel}","templated":true}]}}