{"id":14231,"date":"2024-10-18T16:05:26","date_gmt":"2024-10-18T14:05:26","guid":{"rendered":"https:\/\/www.swiss-schools.ch\/?page_id=14231"},"modified":"2024-10-22T12:21:54","modified_gmt":"2024-10-22T10:21:54","slug":"annonces-summer-courses-in-switzerland","status":"publish","type":"page","link":"https:\/\/www.swiss-schools.ch\/fr\/fsep\/prestations-vsp\/annonces-summer-courses-in-switzerland\/","title":{"rendered":"Annonces Summer Courses in Switzerland"},"content":{"rendered":"<div class=\"entry\">\n<p>Les offres de Summer Course peuvent \u00eatre publi\u00e9es sur notre site web sous forme <a href=\"https:\/\/www.swiss-schools.ch\/fr\/dienstleistungen-vsp\/annonces-summer-courses-in-switzerland\/summer-courses-in-switzerland\/\" target=\"_blank\" rel=\"noopener\">d&rsquo;annonce en ligne<\/a>. L&rsquo;offre de Summer Course est annonc\u00e9e par la FSEP sous la forme d&rsquo;un <a href=\"https:\/\/www.swiss-schools.ch\/fr\/summer-courses-in-switzerland-2024\/\" target=\"_blank\" rel=\"noopener\">d\u00e9pliant num\u00e9rique<\/a> avec code QR. Nous l&rsquo;envoyons par e-mail aux destinataires nationaux tels que les services d&rsquo;orientation professionnelle, les directions de l&rsquo;\u00e9ducation, les entreprises, les organisations internationales et la presse ainsi qu&rsquo;\u00e0 nos repr\u00e9sentations diplomatiques \u00e0 l&rsquo;\u00e9tranger. En outre, notre secr\u00e9tariat r\u00e9pond aux demandes de renseignements sur les cours propos\u00e9s.<\/p>\n<p>Votre offre de Summer Course sur notre site web ? Envoyez-nous <a href=\"https:\/\/www.swiss-schools.ch\/wp-content\/uploads\/2024\/10\/Insertion-Order-Summer-Courses-1.pdf\" target=\"_blank\" rel=\"noopener\">l&rsquo;ordre d&rsquo;insertion<\/a> d\u00fbment rempli \u00e0 <a href=\"mailto:info@swiss-schools.ch\">info@swiss-schools.ch.<\/a><\/p>\n<p>&nbsp;<\/p>\n<p>&nbsp;<\/p>\n<p>&nbsp;<\/p>\n<\/div>\n","protected":false},"excerpt":{"rendered":"<p>Les offres de Summer Course peuvent \u00eatre publi\u00e9es sur notre site web sous forme d&rsquo;annonce en ligne. L&rsquo;offre de Summer Course est annonc\u00e9e par la FSEP sous la forme d&rsquo;un d\u00e9pliant num\u00e9rique avec code QR. Nous l&rsquo;envoyons par e-mail aux destinataires nationaux tels que les services d&rsquo;orientation professionnelle, les directions de l&rsquo;\u00e9ducation, les entreprises, les &#8230;<\/p>\n","protected":false},"author":15,"featured_media":12998,"parent":6293,"menu_order":0,"comment_status":"closed","ping_status":"closed","template":"","meta":{"_acf_changed":false,"_seopress_robots_primary_cat":"","_seopress_titles_title":"","_seopress_titles_desc":"","_seopress_robots_index":"","footnotes":""},"class_list":["post-14231","page","type-page","status-publish","has-post-thumbnail"],"acf":{"banner_title":"","bg_color":"rgba(255,255,255,0.7)","page_top_content":{"heading":"","sub_heading":"","content":"","icon":null},"custom_boxes":{"content_box":null,"contact_box":{"icon":null,"title":"","description":"","phone_number":"","email_address":""}},"news_heading":""},"_links":{"self":[{"href":"https:\/\/www.swiss-schools.ch\/fr\/wp-json\/wp\/v2\/pages\/14231","targetHints":{"allow":["GET"]}}],"collection":[{"href":"https:\/\/www.swiss-schools.ch\/fr\/wp-json\/wp\/v2\/pages"}],"about":[{"href":"https:\/\/www.swiss-schools.ch\/fr\/wp-json\/wp\/v2\/types\/page"}],"author":[{"embeddable":true,"href":"https:\/\/www.swiss-schools.ch\/fr\/wp-json\/wp\/v2\/users\/15"}],"replies":[{"embeddable":true,"href":"https:\/\/www.swiss-schools.ch\/fr\/wp-json\/wp\/v2\/comments?post=14231"}],"version-history":[{"count":7,"href":"https:\/\/www.swiss-schools.ch\/fr\/wp-json\/wp\/v2\/pages\/14231\/revisions"}],"predecessor-version":[{"id":14458,"href":"https:\/\/www.swiss-schools.ch\/fr\/wp-json\/wp\/v2\/pages\/14231\/revisions\/14458"}],"up":[{"embeddable":true,"href":"https:\/\/www.swiss-schools.ch\/fr\/wp-json\/wp\/v2\/pages\/6293"}],"wp:featuredmedia":[{"embeddable":true,"href":"https:\/\/www.swiss-schools.ch\/fr\/wp-json\/wp\/v2\/media\/12998"}],"wp:attachment":[{"href":"https:\/\/www.swiss-schools.ch\/fr\/wp-json\/wp\/v2\/media?parent=14231"}],"curies":[{"name":"wp","href":"https:\/\/api.w.org\/{rel}","templated":true}]}}